{"id":79,"date":"2020-11-17T09:42:28","date_gmt":"2020-11-17T14:42:28","guid":{"rendered":"https:\/\/refugeesponsorship.org\/?page_id=79"},"modified":"2024-09-03T22:36:01","modified_gmt":"2024-09-04T02:36:01","slug":"au-sujet-de-linitiative-mondiale-de-parrainage-de-refugies","status":"publish","type":"page","link":"https:\/\/refugeesponsorship.org\/fr\/about-the-global-refugee-sponsorship-initiative\/","title":{"rendered":"Au sujet de l\u2019Initiative mondiale de parrainage de r\u00e9fugi\u00e9s"},"content":{"rendered":"<p>L\u2019IMPR s\u2019emploie \u00e0 encourager et \u00e0 appuyer l\u2019adoption et l\u2019\u00e9largissement des programmes de parrainage communautaire partout dans le monde. Elle a d\u2019abord fait conna\u00eetre l\u2019initiative, l\u2019exp\u00e9rience et l\u2019histoire du Canada en mati\u00e8re de parrainage communautaire, et a aid\u00e9 des pays \u00e0 concevoir de nouveaux programmes en fonction de leurs besoins uniques, puis elle a diffus\u00e9 des innovations dans le domaine du parrainage communautaire partout dans le monde. En partenariat avec des dirigeants communautaires locaux et des d\u00e9cideurs publics, l\u2019IMPR vise \u00e0 :&nbsp;<\/p>\n\n\n\n<ul class=\"wp-block-list\"><li>accro\u00eetre les possibilit\u00e9s de r\u00e9installation des r\u00e9fugi\u00e9s et am\u00e9liorer les r\u00e9sultats d\u2019int\u00e9gration des r\u00e9fugi\u00e9s en encourageant les gouvernements, les groupes communautaires, les particuliers, les philanthropes et les entreprises \u00e0 participer aux efforts de r\u00e9installation;&nbsp;<\/li><li>renforcer les communaut\u00e9s d\u2019accueil qui unissent leurs efforts afin d\u2019accueillir de nouveaux arrivants;&nbsp;<\/li><li>faire la promotion de soci\u00e9t\u00e9s accueillantes et inclusives, et am\u00e9liorer le discours sur les r\u00e9fugi\u00e9s et les autres nouveaux arrivants.&nbsp;<\/li><\/ul>\n\n\n\n<div style=\"height:20px\" aria-hidden=\"true\" class=\"wp-block-spacer\"><\/div>\n\n\n\n<h3 class=\"wp-block-heading\"><strong>Liens connexes<\/strong><\/h3>\n\n\n\n<p><a href=\"https:\/\/refugeesponsorship.org\/fr\/au-sujet-de-linitiative-mondiale-de-parrainage-de-refugies\/histoires\/\" data-type=\"page\" data-id=\"304\">Histoire<\/a><\/p>\n\n\n\n<p><a href=\"https:\/\/refugeesponsorship.org\/fr\/au-sujet-de-linitiative-mondiale-de-parrainage-de-refugies\/comment-limpr-appuie-le-parrainage-communautaire\/\" data-type=\"page\" data-id=\"170\">Comment l\u2019IMPR appuie le parrainage communautaire<\/a><\/p>\n\n\n\n<p><a href=\"https:\/\/refugeesponsorship.org\/fr\/au-sujet-de-linitiative-mondiale-de-parrainage-de-refugies\/partenaires\/\" data-type=\"page\" data-id=\"180\">Partenaires<\/a><\/p>","protected":false},"excerpt":{"rendered":"<p>The GRSI works to encourage and support the adoption and expansion of community sponsorship programs around the world. The GRSI began by sharing Canada\u2019s history, experience, and leadership in community sponsorship, by supporting countries in designing new programs that meet their unique needs, and by sharing innovations emerging in community sponsorship around the world. In [&hellip;]<\/p>\n","protected":false},"author":1,"featured_media":486,"parent":0,"menu_order":0,"comment_status":"closed","ping_status":"closed","template":"","meta":{"_seopress_robots_primary_cat":"","_seopress_titles_title":"","_seopress_titles_desc":"","_seopress_robots_index":"","footnotes":""},"class_list":["post-79","page","type-page","status-publish","has-post-thumbnail","hentry"],"_links":{"self":[{"href":"https:\/\/refugeesponsorship.org\/fr\/wp-json\/wp\/v2\/pages\/79","targetHints":{"allow":["GET"]}}],"collection":[{"href":"https:\/\/refugeesponsorship.org\/fr\/wp-json\/wp\/v2\/pages"}],"about":[{"href":"https:\/\/refugeesponsorship.org\/fr\/wp-json\/wp\/v2\/types\/page"}],"author":[{"embeddable":true,"href":"https:\/\/refugeesponsorship.org\/fr\/wp-json\/wp\/v2\/users\/1"}],"replies":[{"embeddable":true,"href":"https:\/\/refugeesponsorship.org\/fr\/wp-json\/wp\/v2\/comments?post=79"}],"version-history":[{"count":5,"href":"https:\/\/refugeesponsorship.org\/fr\/wp-json\/wp\/v2\/pages\/79\/revisions"}],"predecessor-version":[{"id":1683,"href":"https:\/\/refugeesponsorship.org\/fr\/wp-json\/wp\/v2\/pages\/79\/revisions\/1683"}],"wp:featuredmedia":[{"embeddable":true,"href":"https:\/\/refugeesponsorship.org\/fr\/wp-json\/wp\/v2\/media\/486"}],"wp:attachment":[{"href":"https:\/\/refugeesponsorship.org\/fr\/wp-json\/wp\/v2\/media?parent=79"}],"curies":[{"name":"wp","href":"https:\/\/api.w.org\/{rel}","templated":true}]}}