{"id":362,"date":"2022-04-27T09:02:59","date_gmt":"2022-04-27T13:02:59","guid":{"rendered":"https:\/\/refugeesponsorship.org\/?page_id=362"},"modified":"2022-06-27T10:43:51","modified_gmt":"2022-06-27T14:43:51","slug":"faire-croitre-un-programme","status":"publish","type":"page","link":"https:\/\/refugeesponsorship.org\/fr\/grow-a-program\/","title":{"rendered":"Faire cro\u00eetre un programme"},"content":{"rendered":"<p>L\u2019IMPR aide les intervenants, notamment des organisations du secteur public et de la soci\u00e9t\u00e9 civile, qui sont int\u00e9ress\u00e9s \u00e0 faire cro\u00eetre leurs programmes de parrainage communautaire. Elle a cr\u00e9\u00e9 une s\u00e9rie de produits, d\u2019outils et de ressources pour aider \u00e0 d\u00e9velopper les programmes d\u2019une mani\u00e8re efficace et durable, quel que soit leur stade de d\u00e9veloppement.&nbsp;&nbsp;<\/p>\n\n\n\n<p>En particulier, l\u2019IMPR offre des ressources qui peuvent servir \u00e0 donner une formation sur le parrainage communautaire \u00e0 des groupes de r\u00e9pondants locaux et \u00e0 des organisations de la soci\u00e9t\u00e9 civile. Afin de renforcer davantage les capacit\u00e9s, les modules de formation comprennent \u00e9galement une unit\u00e9 de \u00ab formation des formateurs \u00bb pour soutenir la croissance. Le Guide de l\u2019IMPR renferme aussi des renseignements utiles, provenant des exp\u00e9riences li\u00e9es au Canada et \u00e0 d\u2019autres pays, sur des pratiques exemplaires pour la mobilisation, la surveillance et l\u2019\u00e9valuation des partenaires, la participation des r\u00e9fugi\u00e9s, et plus encore.&nbsp;<\/p>\n\n\n\n<div style=\"height:20px\" aria-hidden=\"true\" class=\"wp-block-spacer\"><\/div>\n\n\n\n<h3 class=\"wp-block-heading\"><strong>Liens connexes<\/strong><\/h3>\n\n\n\n<p><a href=\"https:\/\/refugeesponsorship.org\/fr\/faire-croitre-un-programme\/approche-de-limpr-en-matiere-de-formation\/\" data-type=\"page\" data-id=\"234\">GRSI Approach to Training<\/a><\/p>\n\n\n\n<p><a href=\"https:\/\/refugeesponsorship.org\/fr\/faire-croitre-un-programme\/apercu-des-options-de-formation\/\" data-type=\"page\" data-id=\"236\">Aper\u00e7u des options de formation<\/a><\/p>\n\n\n\n<p><a href=\"https:\/\/refugeesponsorship.org\/fr\/repertoire-des-ressources\/?_resource_type=resources\" data-type=\"page\">Ressources de formation<\/a><\/p>\n\n\n\n<p><a href=\"https:\/\/training.refugeesponsorship.org\/fr\/#online-resource\" data-type=\"page\">Online Training<\/a><\/p>\n\n\n\n<p><a href=\"https:\/\/training.refugeesponsorship.org\/fr\/#in-person-training\" data-type=\"page\">In Person Training<\/a><\/p>","protected":false},"excerpt":{"rendered":"<p>The GRSI supports stakeholders, including civil society and governments, interested in growing their community sponsorship programs. Regardless of the stage of development, the GRSI has created a suite of products, tools and resources to help grow programs effectively and sustainably.&nbsp;&nbsp; In particular, the GRSI offers training materials that can help train local sponsor groups and [&hellip;]<\/p>\n","protected":false},"author":1,"featured_media":580,"parent":0,"menu_order":0,"comment_status":"closed","ping_status":"closed","template":"","meta":{"_seopress_robots_primary_cat":"","_seopress_titles_title":"","_seopress_titles_desc":"","_seopress_robots_index":"","footnotes":""},"class_list":["post-362","page","type-page","status-publish","has-post-thumbnail","hentry"],"_links":{"self":[{"href":"https:\/\/refugeesponsorship.org\/fr\/wp-json\/wp\/v2\/pages\/362","targetHints":{"allow":["GET"]}}],"collection":[{"href":"https:\/\/refugeesponsorship.org\/fr\/wp-json\/wp\/v2\/pages"}],"about":[{"href":"https:\/\/refugeesponsorship.org\/fr\/wp-json\/wp\/v2\/types\/page"}],"author":[{"embeddable":true,"href":"https:\/\/refugeesponsorship.org\/fr\/wp-json\/wp\/v2\/users\/1"}],"replies":[{"embeddable":true,"href":"https:\/\/refugeesponsorship.org\/fr\/wp-json\/wp\/v2\/comments?post=362"}],"version-history":[{"count":5,"href":"https:\/\/refugeesponsorship.org\/fr\/wp-json\/wp\/v2\/pages\/362\/revisions"}],"predecessor-version":[{"id":1193,"href":"https:\/\/refugeesponsorship.org\/fr\/wp-json\/wp\/v2\/pages\/362\/revisions\/1193"}],"wp:featuredmedia":[{"embeddable":true,"href":"https:\/\/refugeesponsorship.org\/fr\/wp-json\/wp\/v2\/media\/580"}],"wp:attachment":[{"href":"https:\/\/refugeesponsorship.org\/fr\/wp-json\/wp\/v2\/media?parent=362"}],"curies":[{"name":"wp","href":"https:\/\/api.w.org\/{rel}","templated":true}]}}