{"id":358,"date":"2022-04-26T13:48:11","date_gmt":"2022-04-26T17:48:11","guid":{"rendered":"https:\/\/refugeesponsorship.org\/?page_id=358"},"modified":"2022-06-13T06:24:07","modified_gmt":"2022-06-13T10:24:07","slug":"explorer-le-parrainage","status":"publish","type":"page","link":"https:\/\/refugeesponsorship.org\/fr\/explore-sponsorship\/","title":{"rendered":"Explorer le parrainage"},"content":{"rendered":"<p>Partout dans le monde, alors que des millions de r\u00e9fugi\u00e9s ont besoin de solutions de protection, la r\u00e9installation demeure une option rare. \u00c0 l\u2019\u00e9chelle mondiale, moins de 4 % des personnes ayant besoin de se r\u00e9installer ont pu b\u00e9n\u00e9ficier d\u2019une r\u00e9installation au cours des cinq derni\u00e8res ann\u00e9es.<\/p>\n\n\n\n<p>En misant sur la mobilisation et la responsabilisation des citoyens, le parrainage communautaire a le potentiel d\u2019augmenter la disponibilit\u00e9 de la r\u00e9installation et des voies compl\u00e9mentaires d\u2019admission \u00e0 titre d\u2019option de protection pour un nombre accru de r\u00e9fugi\u00e9s dans le monde.<\/p>\n\n\n\n<div style=\"height:20px\" aria-hidden=\"true\" class=\"wp-block-spacer\"><\/div>\n\n\n\n<h3 class=\"wp-block-heading\"><strong>Liens connexes<\/strong><\/h3>\n\n\n\n<p><a href=\"https:\/\/refugeesponsorship.org\/fr\/explorer-le-parrainage\/les-roles-fondamentaux-des-groupes-de-parrainage\/\" data-type=\"page\" data-id=\"207\">Les r\u00f4les fondamentaux des groupes de parrainage<\/a><\/p>\n\n\n\n<p><a href=\"https:\/\/refugeesponsorship.org\/fr\/explorer-le-parrainage\/le-potentiel-du-parrainage-communautaire\/\" data-type=\"page\" data-id=\"209\">Le potentiel du parrainage communautaire<\/a><\/p>\n\n\n\n<p><a href=\"https:\/\/refugeesponsorship.org\/fr\/explorer-le-parrainage\/le-processus-de-parrainage\/\" data-type=\"page\" data-id=\"211\">Le processus de parrainage<\/a><\/p>\n\n\n\n<p><a href=\"https:\/\/refugeesponsorship.org\/fr\/explorer-le-parrainage\/carte-interactive\/\" data-type=\"page\" data-id=\"220\">Carte interactive<\/a><\/p>","protected":false},"excerpt":{"rendered":"<p>Millions of refugees worldwide are seeking protection solutions, but resettlement remains a rare option. Fewer than 4% in need of resettlement worldwide have been able to benefit from resettlement over the last five years. By mobilizing and empowering citizens, community sponsorship has the potential to increase the availability of resettlement and complementary pathways as a [&hellip;]<\/p>\n","protected":false},"author":1,"featured_media":582,"parent":0,"menu_order":0,"comment_status":"closed","ping_status":"closed","template":"","meta":{"_seopress_robots_primary_cat":"","_seopress_titles_title":"","_seopress_titles_desc":"","_seopress_robots_index":"","footnotes":""},"class_list":["post-358","page","type-page","status-publish","has-post-thumbnail","hentry"],"_links":{"self":[{"href":"https:\/\/refugeesponsorship.org\/fr\/wp-json\/wp\/v2\/pages\/358","targetHints":{"allow":["GET"]}}],"collection":[{"href":"https:\/\/refugeesponsorship.org\/fr\/wp-json\/wp\/v2\/pages"}],"about":[{"href":"https:\/\/refugeesponsorship.org\/fr\/wp-json\/wp\/v2\/types\/page"}],"author":[{"embeddable":true,"href":"https:\/\/refugeesponsorship.org\/fr\/wp-json\/wp\/v2\/users\/1"}],"replies":[{"embeddable":true,"href":"https:\/\/refugeesponsorship.org\/fr\/wp-json\/wp\/v2\/comments?post=358"}],"version-history":[{"count":5,"href":"https:\/\/refugeesponsorship.org\/fr\/wp-json\/wp\/v2\/pages\/358\/revisions"}],"predecessor-version":[{"id":1059,"href":"https:\/\/refugeesponsorship.org\/fr\/wp-json\/wp\/v2\/pages\/358\/revisions\/1059"}],"wp:featuredmedia":[{"embeddable":true,"href":"https:\/\/refugeesponsorship.org\/fr\/wp-json\/wp\/v2\/media\/582"}],"wp:attachment":[{"href":"https:\/\/refugeesponsorship.org\/fr\/wp-json\/wp\/v2\/media?parent=358"}],"curies":[{"name":"wp","href":"https:\/\/api.w.org\/{rel}","templated":true}]}}