{"id":304,"date":"2022-04-20T08:09:35","date_gmt":"2022-04-20T12:09:35","guid":{"rendered":"https:\/\/refugeesponsorship.org\/?page_id=304"},"modified":"2024-09-03T22:47:29","modified_gmt":"2024-09-04T02:47:29","slug":"histoires","status":"publish","type":"page","link":"https:\/\/refugeesponsorship.org\/fr\/about-the-global-refugee-sponsorship-initiative\/history\/","title":{"rendered":"Histoire"},"content":{"rendered":"<p>The Global Refugee Sponsorship Initiative (GRSI) is led by the Government of Canada, the United Nations High Commissioner for Refugees (UNHCR), The Giustra Foundation, the Open Society Foundations, The Shapiro Foundation, the University of Ottawa Refugee Hub-Pathways International, Porticus and Robert Bosch Stiftung.<\/p>\n\n\n\n<figure class=\"wp-block-table is-style-stripes\"><table><tbody><tr><td>Septembre 2016&nbsp;<\/td><td>L\u2019IMPR est annonc\u00e9e \u00e0 New York, en marge des sommets sur les r\u00e9fugi\u00e9s des Nations Unies et des \u00c9tats-Unis.&nbsp;<\/td><\/tr><tr><td>D\u00e9cembre 2016&nbsp;<\/td><td>L\u2019IMPR est officiellement lanc\u00e9e \u00e0 Ottawa, au Canada, lors de consultations internationales avec pr\u00e8s de 100 participants provenant de 10 pays.&nbsp;&nbsp;<\/td><\/tr><tr><td>Juin 2017&nbsp;<\/td><td>Les responsables de l\u2019IMPR participent aux consultations tripartites annuelles du HCR sur la r\u00e9installation, tenues \u00e0 Gen\u00e8ve, et le site Web officiel est lanc\u00e9 (<a href=\"https:\/\/refugeesponsorship.org\/wp-content\/uploads\/2017-June-Media-Release-EN.pdf\">Communiqu\u00e9<\/a>). During these Geneva events, the GRSI initiated global consultations for its policy design.<\/td><\/tr><tr><td>Juillet 2018&nbsp;<\/td><td>Les ministres du Canada, du Royaume-Uni, de l\u2019Irlande, de l\u2019Argentine, de l\u2019Espagne et de la Nouvelle-Z\u00e9lande soulignent leur appui au parrainage communautaire avant l\u2019Assembl\u00e9e g\u00e9n\u00e9rale des Nations Unies, en 2018, et l\u2019entente concernant le Pacte mondial sur les r\u00e9fugi\u00e9s (<a href=\"https:\/\/refugeesponsorship.org\/wp-content\/uploads\/2018-July-Media-Release-EN.pdf\">Communiqu\u00e9<\/a>).&nbsp;&nbsp;&nbsp;<\/td><\/tr><tr><td>Novembre 2018&nbsp;<\/td><td>L\u2019IMPR coorganise \u00e0 Londres, en Angleterre, des ateliers mondiaux de plusieurs jours pour 40 champions du parrainage de la soci\u00e9t\u00e9 civile.&nbsp;<\/td><\/tr><tr><td>D\u00e9cembre 2018<\/td><td>Des \u00c9tats sont encourag\u00e9s \u00e0 travailler avec l\u2019IMPR dans le cadre du Pacte mondial sur les r\u00e9fugi\u00e9s (PMR), nouvellement adopt\u00e9.&nbsp;&nbsp;<\/td><\/tr><tr><td>D\u00e9cembre 2019<\/td><td>Six ministres soulignent leur appui \u00e0 l\u2019\u00e9gard du parrainage communautaire \u00e0 l\u2019occasion du premier Forum mondial sur les r\u00e9fugi\u00e9s et annoncent le lancement du r\u00e9seau des \u00c9tats de l\u2019IMPR, copr\u00e9sid\u00e9 par le Canada et le Royaume-Uni (<a href=\"https:\/\/refugeesponsorship.org\/fr\/repertoire-des-ressources\/declaration-commune-les-ministres-de-six-pays-argentine-bresil-canada-irlande-nouvelle-zelande-et-espagne-soulignent-leur-appui-au-parrainage-communautaire\/\">Communiqu\u00e9<\/a>).&nbsp;<\/td><\/tr><tr><td>Juillet 2020&nbsp;<\/td><td>L\u2019IMPR engage un dialogue de haut niveau sur le parrainage, la r\u00e9installation et les voies compl\u00e9mentaires. \u00c0 cette occasion, la Commission europ\u00e9enne promet de continuer \u00e0 financer des projets de parrainage, le Canada s\u2019engage \u00e0 accueillir 500 r\u00e9fugi\u00e9s suppl\u00e9mentaires par les voies pour les travailleurs. D\u2019autres gouvernements, des dirigeants du secteur priv\u00e9, des r\u00e9pondants et un r\u00e9fugi\u00e9 parrain\u00e9 ont fait des d\u00e9clarations de soutien.&nbsp;<\/td><\/tr><tr><td>D\u00e9cembre 2020&nbsp;<\/td><td>La Fondation Shapiro devient un nouveau partenaire de l\u2019IMPR.&nbsp;&nbsp;<\/td><\/tr><tr><td>Avril 2021&nbsp;<\/td><td>En collaboration avec la Commission europ\u00e9enne et le Bureau europ\u00e9en d\u2019appui en mati\u00e8re d\u2019asile (BEA), l\u2019IMPR r\u00e9unit des conf\u00e9renciers de divers gouvernements, du milieu universitaire, du secteur philanthropique et de la soci\u00e9t\u00e9 civile afin de r\u00e9affirmer les engagements \u00e0 faire cro\u00eetre le parrainage communautaire en Europe.&nbsp;<\/td><\/tr><tr><td>D\u00e9cembre 2021&nbsp;<\/td><td>L\u2019IMPR c\u00e9l\u00e8bre son 5e anniversaire \u00e0 Ottawa en pr\u00e9sence de partenaires, de dirigeants et de membres de groupes de soutien cl\u00e9s. \u00c0 cette occasion, les partenaires ont r\u00e9it\u00e9r\u00e9 l\u2019engagement collectif \u00e0 promouvoir la collaboration en vue d\u2019offrir l\u2019acc\u00e8s au parrainage communautaire au plus grand nombre possible de r\u00e9fugi\u00e9s (<a href=\"https:\/\/refugeesponsorship.org\/fr\/repertoire-des-ressources\/5e-anniversaire-de-limpr-en\/\">Communiqu\u00e9<\/a>).&nbsp;<\/td><\/tr><tr><td>April 2023<\/td><td>The GRSI welcomes two new partners, Porticus and Robert Bosch Stiftung.<\/td><\/tr><tr><td>December 2023<\/td><td>The GRSI launched a\u00a0<a href=\"https:\/\/globalcompactrefugees.org\/multistakeholder-pledge-community-sponsorship\">multi-stakeholder pledge<\/a>\u00a0at the 2023 Global Refugee Forum. The multi-stakeholder pledge aims to expand community sponsorship opportunities for refugees worldwide. The GRSI garnered pledges from 10 states committing to develop (Brazil), continue or expand existing programmes (Argentina, Australia, Belgium, Canada, Germany, Ireland, Italy UK and USA), as well as pledges by 33 entities (including 3 Private Sector, 5 faith-based organisations, 3 international organisations and 19 civil society organisations).\u00a0<\/td><\/tr><\/tbody><\/table><\/figure>\n\n\n\n<p><\/p>","protected":false},"excerpt":{"rendered":"<p>The Global Refugee Sponsorship Initiative (GRSI) is led by the Government of Canada, the United Nations High Commissioner for Refugees (UNHCR), The Giustra Foundation, the Open Society Foundations, The Shapiro Foundation, the University of Ottawa Refugee Hub-Pathways International, Porticus and Robert Bosch Stiftung. September 2016&nbsp; The GRSI was announced in New York City on the [&hellip;]<\/p>\n","protected":false},"author":1,"featured_media":0,"parent":79,"menu_order":1,"comment_status":"closed","ping_status":"closed","template":"","meta":{"_seopress_robots_primary_cat":"","_seopress_titles_title":"","_seopress_titles_desc":"","_seopress_robots_index":"","footnotes":""},"class_list":["post-304","page","type-page","status-publish","hentry"],"_links":{"self":[{"href":"https:\/\/refugeesponsorship.org\/fr\/wp-json\/wp\/v2\/pages\/304","targetHints":{"allow":["GET"]}}],"collection":[{"href":"https:\/\/refugeesponsorship.org\/fr\/wp-json\/wp\/v2\/pages"}],"about":[{"href":"https:\/\/refugeesponsorship.org\/fr\/wp-json\/wp\/v2\/types\/page"}],"author":[{"embeddable":true,"href":"https:\/\/refugeesponsorship.org\/fr\/wp-json\/wp\/v2\/users\/1"}],"replies":[{"embeddable":true,"href":"https:\/\/refugeesponsorship.org\/fr\/wp-json\/wp\/v2\/comments?post=304"}],"version-history":[{"count":5,"href":"https:\/\/refugeesponsorship.org\/fr\/wp-json\/wp\/v2\/pages\/304\/revisions"}],"predecessor-version":[{"id":1686,"href":"https:\/\/refugeesponsorship.org\/fr\/wp-json\/wp\/v2\/pages\/304\/revisions\/1686"}],"up":[{"embeddable":true,"href":"https:\/\/refugeesponsorship.org\/fr\/wp-json\/wp\/v2\/pages\/79"}],"wp:attachment":[{"href":"https:\/\/refugeesponsorship.org\/fr\/wp-json\/wp\/v2\/media?parent=304"}],"curies":[{"name":"wp","href":"https:\/\/api.w.org\/{rel}","templated":true}]}}