{"id":3,"date":"2020-03-07T14:54:25","date_gmt":"2020-03-07T19:54:25","guid":{"rendered":"http:\/\/refugeesponsorship.org\/?page_id=3"},"modified":"2024-09-05T19:10:58","modified_gmt":"2024-09-05T23:10:58","slug":"politique-de-confidentialite","status":"publish","type":"page","link":"https:\/\/refugeesponsorship.org\/fr\/privacy-policy\/","title":{"rendered":"Politique de confidentialit\u00e9"},"content":{"rendered":"<p>The Global Refugee Sponsorship Initiative (GRSI) website is administered by tThe University of Ottawa Refugee Hub-Pathways International (the Refugee Hub-Pathways International). In accordance with the<em> Loi sur l\u2019acc\u00e8s \u00e0 l\u2019information et la protection de la vie priv\u00e9e <\/em>(Ontario) et au R\u00e8glement 90 de l\u2019Universit\u00e9, vos renseignements personnels sont recueillis en vertu de la Loi sur <em>l\u2019Universit\u00e9 d\u2019Ottawa<\/em>, 1965. The Refugee Hub-Pathways International works to ensure that personal information is protected as confidential and private and used appropriately.<\/p>\n\n\n\n<p>Le recours \u00e0 ce site Web ou aux services offerts qui y sont indiqu\u00e9s est assujetti \u00e0 la politique de confidentialit\u00e9 suivante. En utilisant le site Web, vous acceptez les conditions qui suivent.<\/p>\n\n\n\n<p>The Refugee Hub-Pathways International collects personal information for legitimate and lawfully authorized purposes, including but not limited to operating and improving the GRSI website, optimizing user experiences; analyzing how the site is used, and ensuring the security of the site.<\/p>\n\n\n\n<p>The Refugee Hub-Pathways International may collect personal information that is submitted, such as via contact forms, registrations, and subscription forms. Contact information that is collected is stored in a secure data center. The Refugee Hub-Pathways International does not disclose, sell, resell, lease or license personal information to any third party websites. The Refugee Hub may use such personal information for the purposes for which it was collected and for other purposes consistent with such purposes.<\/p>\n\n\n\n<p>The website contains links to external sites outside of The Refugee Hub-Pathways International\u2019s control. The Refugee Hub-Pathways International is not responsible for the content and privacy practices of external websites. This privacy statement does not apply to hyperlinked sites.<\/p>\n\n\n\n<p>Si vous estimez que le pr\u00e9sent site ne respecte pas sa politique d\u2019utilisation ou si vous avez des questions concernant la politique, vous pouvez envoyer un courriel \u00e0 l\u2019adresse suivante : <a href=\"mailto:GRSI-Comms@pathways.email\">GRSI-Comms@pathways.email<\/a>\u00a0 <\/p>","protected":false},"excerpt":{"rendered":"<p>The Global Refugee Sponsorship Initiative (GRSI) website is administered by tThe University of Ottawa Refugee Hub-Pathways International (the Refugee Hub-Pathways International). In accordance with the Freedom of Information and Protection of Privacy Act (Ontario) and with University Policy 90, your personal information is collected under the authority of the University of Ottawa Act, 1965. The [&hellip;]<\/p>\n","protected":false},"author":1,"featured_media":0,"parent":0,"menu_order":0,"comment_status":"closed","ping_status":"closed","template":"","meta":{"_seopress_robots_primary_cat":"","_seopress_titles_title":"","_seopress_titles_desc":"","_seopress_robots_index":"","footnotes":""},"class_list":["post-3","page","type-page","status-publish","hentry"],"_links":{"self":[{"href":"https:\/\/refugeesponsorship.org\/fr\/wp-json\/wp\/v2\/pages\/3","targetHints":{"allow":["GET"]}}],"collection":[{"href":"https:\/\/refugeesponsorship.org\/fr\/wp-json\/wp\/v2\/pages"}],"about":[{"href":"https:\/\/refugeesponsorship.org\/fr\/wp-json\/wp\/v2\/types\/page"}],"author":[{"embeddable":true,"href":"https:\/\/refugeesponsorship.org\/fr\/wp-json\/wp\/v2\/users\/1"}],"replies":[{"embeddable":true,"href":"https:\/\/refugeesponsorship.org\/fr\/wp-json\/wp\/v2\/comments?post=3"}],"version-history":[{"count":5,"href":"https:\/\/refugeesponsorship.org\/fr\/wp-json\/wp\/v2\/pages\/3\/revisions"}],"predecessor-version":[{"id":1692,"href":"https:\/\/refugeesponsorship.org\/fr\/wp-json\/wp\/v2\/pages\/3\/revisions\/1692"}],"wp:attachment":[{"href":"https:\/\/refugeesponsorship.org\/fr\/wp-json\/wp\/v2\/media?parent=3"}],"curies":[{"name":"wp","href":"https:\/\/api.w.org\/{rel}","templated":true}]}}