{"id":236,"date":"2022-03-10T09:38:29","date_gmt":"2022-03-10T14:38:29","guid":{"rendered":"https:\/\/refugeesponsorship.org\/?page_id=236"},"modified":"2022-06-09T13:05:19","modified_gmt":"2022-06-09T17:05:19","slug":"apercu-des-options-de-formation","status":"publish","type":"page","link":"https:\/\/refugeesponsorship.org\/fr\/grow-a-program\/overview-of-training-options\/","title":{"rendered":"Aper\u00e7u des options de formation"},"content":{"rendered":"<p>Les outils de la formation \u00ab Fondements du parrainage communautaire \u00bb font partie des ressources d\u2019apprentissage en ligne et des documents pour la formation en personne.&nbsp;&nbsp;<\/p>\n\n\n\n<h4 class=\"wp-block-heading\">Ressources pour la formation en personne&nbsp;&nbsp;<\/h4>\n\n\n\n<p>La formation \u00ab Fondements du parrainage communautaire \u00bb comprend des ressources qui sont con\u00e7ues afin d\u2019aider les animateurs locaux \u00e0 pr\u00e9parer et \u00e0 donner aux r\u00e9pondants une formation adapt\u00e9e au contexte national. Les ressources ne sont pas pr\u00e9d\u00e9termin\u00e9es et comprennent des mod\u00e8les de diaporamas personnalisables, un guide de l\u2019animateur qui explique comment pr\u00e9senter la formation, ainsi que des fiches d\u2019activit\u00e9 et des cartes d\u2019\u00e9valuation.&nbsp;&nbsp;<\/p>\n\n\n\n<p>Il s\u2019agit d\u2019une formation modulaire, et on y explique comment animer cinq ateliers distincts qui abordent les diff\u00e9rentes composantes de l\u2019exp\u00e9rience de parrainage :&nbsp;&nbsp;<\/p>\n\n\n\n<figure class=\"wp-block-image size-full\"><img loading=\"lazy\" decoding=\"async\" width=\"800\" height=\"126\" src=\"https:\/\/refugeesponsorship.org\/wp-content\/uploads\/Principles-of-Refugee-Sponsorship.jpg\" alt=\"Principles of Refugee Sponsorship (1)\" class=\"wp-image-1040\" srcset=\"https:\/\/refugeesponsorship.org\/wp-content\/uploads\/Principles-of-Refugee-Sponsorship.jpg 800w, https:\/\/refugeesponsorship.org\/wp-content\/uploads\/Principles-of-Refugee-Sponsorship-300x47.jpg 300w, https:\/\/refugeesponsorship.org\/wp-content\/uploads\/Principles-of-Refugee-Sponsorship-768x121.jpg 768w, https:\/\/refugeesponsorship.org\/wp-content\/uploads\/Principles-of-Refugee-Sponsorship-18x3.jpg 18w\" sizes=\"auto, (max-width: 800px) 100vw, 800px\" \/><\/figure>\n\n\n\n<h4 class=\"wp-block-heading\">Ressources d\u2019apprentissage en ligne&nbsp;&nbsp;<\/h4>\n\n\n\n<div style=\"height:20px\" aria-hidden=\"true\" class=\"wp-block-spacer\"><\/div>\n\n\n\n<figure class=\"wp-block-image size-full\"><img loading=\"lazy\" decoding=\"async\" width=\"600\" height=\"600\" src=\"https:\/\/refugeesponsorship.org\/wp-content\/uploads\/Stages-graphic.png\" alt=\"Stages graphic (1)\" class=\"wp-image-1046\" srcset=\"https:\/\/refugeesponsorship.org\/wp-content\/uploads\/Stages-graphic.png 600w, https:\/\/refugeesponsorship.org\/wp-content\/uploads\/Stages-graphic-300x300.png 300w, https:\/\/refugeesponsorship.org\/wp-content\/uploads\/Stages-graphic-150x150.png 150w, https:\/\/refugeesponsorship.org\/wp-content\/uploads\/Stages-graphic-12x12.png 12w\" sizes=\"auto, (max-width: 600px) 100vw, 600px\" \/><\/figure>\n\n\n\n<p>Les documents de la formation en personne sont appuy\u00e9s par un vaste ensemble de ressources d\u2019apprentissage en ligne. L\u2019information porte sur la vaste exp\u00e9rience de parrainage, de la premi\u00e8re demande de renseignement o\u00f9 les principaux concepts et d\u00e9finitions se rapportant au parrainage sont pr\u00e9sent\u00e9s, jusqu\u2019aux aspects concernant les groupes, par exemple comment g\u00e9rer les situations difficiles apr\u00e8s l\u2019arriv\u00e9e et comment se pr\u00e9parer aux transitions \u00e0 la fin de la p\u00e9riode de parrainage.&nbsp;&nbsp;&nbsp;<\/p>\n\n\n\n<h4 class=\"wp-block-heading\">Langues&nbsp;&nbsp;<\/h4>\n\n\n\n<p>La formation \u00ab Fondements du parrainage communautaire \u00bb est disponible en allemand, en espagnol, en portugais, en fran\u00e7ais et en anglais.<\/p>","protected":false},"excerpt":{"rendered":"<p>The \u201cFoundations of Community Sponsorship\u201d training tools are comprised of online learning resources and in-person training materials.&nbsp;&nbsp; In-person training resources&nbsp;&nbsp; The \u201cFoundations of Community Sponsorship\u201d materials include resources structured to help local facilitators prepare and deliver training to sponsors within their own national contexts. Resources are not prescriptive and include template slides that are designed [&hellip;]<\/p>\n","protected":false},"author":1,"featured_media":0,"parent":362,"menu_order":2,"comment_status":"closed","ping_status":"closed","template":"","meta":{"_seopress_robots_primary_cat":"","_seopress_titles_title":"","_seopress_titles_desc":"","_seopress_robots_index":"","footnotes":""},"class_list":["post-236","page","type-page","status-publish","hentry"],"_links":{"self":[{"href":"https:\/\/refugeesponsorship.org\/fr\/wp-json\/wp\/v2\/pages\/236","targetHints":{"allow":["GET"]}}],"collection":[{"href":"https:\/\/refugeesponsorship.org\/fr\/wp-json\/wp\/v2\/pages"}],"about":[{"href":"https:\/\/refugeesponsorship.org\/fr\/wp-json\/wp\/v2\/types\/page"}],"author":[{"embeddable":true,"href":"https:\/\/refugeesponsorship.org\/fr\/wp-json\/wp\/v2\/users\/1"}],"replies":[{"embeddable":true,"href":"https:\/\/refugeesponsorship.org\/fr\/wp-json\/wp\/v2\/comments?post=236"}],"version-history":[{"count":5,"href":"https:\/\/refugeesponsorship.org\/fr\/wp-json\/wp\/v2\/pages\/236\/revisions"}],"predecessor-version":[{"id":1047,"href":"https:\/\/refugeesponsorship.org\/fr\/wp-json\/wp\/v2\/pages\/236\/revisions\/1047"}],"up":[{"embeddable":true,"href":"https:\/\/refugeesponsorship.org\/fr\/wp-json\/wp\/v2\/pages\/362"}],"wp:attachment":[{"href":"https:\/\/refugeesponsorship.org\/fr\/wp-json\/wp\/v2\/media?parent=236"}],"curies":[{"name":"wp","href":"https:\/\/api.w.org\/{rel}","templated":true}]}}