{"id":234,"date":"2022-03-10T09:38:01","date_gmt":"2022-03-10T14:38:01","guid":{"rendered":"https:\/\/refugeesponsorship.org\/?page_id=234"},"modified":"2022-05-05T10:58:44","modified_gmt":"2022-05-05T14:58:44","slug":"approche-de-limpr-en-matiere-de-formation","status":"publish","type":"page","link":"https:\/\/refugeesponsorship.org\/fr\/grow-a-program\/the-grsi-approach-to-training\/","title":{"rendered":"Approche de l\u2019IMPR en mati\u00e8re de formation"},"content":{"rendered":"<p>Les ressources de formation de l\u2019IMPR s\u2019appuient sur des exp\u00e9riences de port\u00e9e internationale et ont \u00e9t\u00e9 con\u00e7ues de fa\u00e7on \u00e0 pouvoir \u00eatre adapt\u00e9es au contexte unique des communaut\u00e9s. La formation repose sur un cadre d\u2019apprentissage participatif et exp\u00e9rientiel afin de pr\u00e9parer les r\u00e9pondants \u00e0 travailler ensemble et avec les r\u00e9fugi\u00e9s.&nbsp;&nbsp;<\/p>\n\n\n\n<p>En outre, la formation utilise une approche de \u00ab formation des formateurs \u00bb dans le but de cr\u00e9er une capacit\u00e9 de formation durable \u00e0 l\u2019\u00e9chelle locale pour pr\u00e9parer et soutenir les r\u00e9pondants. La formation comprend des activit\u00e9s de r\u00e9flexion et des questions de discussion qui visent \u00e0 fournir aux r\u00e9pondants des outils pour r\u00e9soudre les probl\u00e8mes, ainsi que les connaissances et les comp\u00e9tences n\u00e9cessaires pour accueillir efficacement les r\u00e9fugi\u00e9s.\u202f&nbsp;<br><br><a rel=\"noreferrer noopener\" href=\"https:\/\/training.refugeesponsorship.org\/fr\/\" target=\"_blank\">Consultez les documents de formation ici<\/a><\/p>","protected":false},"excerpt":{"rendered":"<p>The GRSI\u2019s training resources are informed by experiences, global in scope, and designed to be tailored to local contexts. The training applies a participatory and experiential learning framework to prepare sponsors to work together and with refugee newcomers.&nbsp;&nbsp; The trainings also emphasize a train-the-trainer approach to build sustainable local facilitator capacity for sponsor preparation and [&hellip;]<\/p>\n","protected":false},"author":1,"featured_media":0,"parent":362,"menu_order":1,"comment_status":"closed","ping_status":"closed","template":"","meta":{"_seopress_robots_primary_cat":"","_seopress_titles_title":"","_seopress_titles_desc":"","_seopress_robots_index":"","footnotes":""},"class_list":["post-234","page","type-page","status-publish","hentry"],"_links":{"self":[{"href":"https:\/\/refugeesponsorship.org\/fr\/wp-json\/wp\/v2\/pages\/234","targetHints":{"allow":["GET"]}}],"collection":[{"href":"https:\/\/refugeesponsorship.org\/fr\/wp-json\/wp\/v2\/pages"}],"about":[{"href":"https:\/\/refugeesponsorship.org\/fr\/wp-json\/wp\/v2\/types\/page"}],"author":[{"embeddable":true,"href":"https:\/\/refugeesponsorship.org\/fr\/wp-json\/wp\/v2\/users\/1"}],"replies":[{"embeddable":true,"href":"https:\/\/refugeesponsorship.org\/fr\/wp-json\/wp\/v2\/comments?post=234"}],"version-history":[{"count":5,"href":"https:\/\/refugeesponsorship.org\/fr\/wp-json\/wp\/v2\/pages\/234\/revisions"}],"predecessor-version":[{"id":476,"href":"https:\/\/refugeesponsorship.org\/fr\/wp-json\/wp\/v2\/pages\/234\/revisions\/476"}],"up":[{"embeddable":true,"href":"https:\/\/refugeesponsorship.org\/fr\/wp-json\/wp\/v2\/pages\/362"}],"wp:attachment":[{"href":"https:\/\/refugeesponsorship.org\/fr\/wp-json\/wp\/v2\/media?parent=234"}],"curies":[{"name":"wp","href":"https:\/\/api.w.org\/{rel}","templated":true}]}}