{"id":226,"date":"2022-03-10T09:35:54","date_gmt":"2022-03-10T14:35:54","guid":{"rendered":"https:\/\/refugeesponsorship.org\/?page_id=226"},"modified":"2022-06-13T08:20:55","modified_gmt":"2022-06-13T12:20:55","slug":"feuille-de-route-pour-la-conception-dun-programme","status":"publish","type":"page","link":"https:\/\/refugeesponsorship.org\/fr\/design-a-program\/program-design-roadmap\/","title":{"rendered":"Feuille de route pour la conception d\u2019un programme"},"content":{"rendered":"<p>Chaque pays est unique, et les programmes de parrainage communautaire sont adapt\u00e9s \u00e0 la situation locale. Chaque programme repose toutefois sur un certain nombre d\u2019\u00e9l\u00e9ments fondamentaux, ou \u00e9l\u00e9ments constitutifs. La conception d\u2019un programme peut \u00eatre orient\u00e9e par quelques questions op\u00e9rationnelles ou strat\u00e9giques cl\u00e9s, quoique les r\u00e9ponses varieront d\u2019un programme \u00e0 l\u2019autre.&nbsp;<\/p>\n\n\n\n<p>La d\u00e9finition des trois axes suivants peut aider \u00e0 \u00e9tablir l\u2019orientation du programme :<\/p>\n\n\n\n<p><strong>R\u00e9fugi\u00e9s\/b\u00e9n\u00e9ficiaires<\/strong><\/p>\n\n\n\n<p>Qui peut \u00eatre parrain\u00e9?<\/p>\n\n\n\n<p>Qui s\u00e9lectionne, \u00e9value, pr\u00e9pare et appuie les r\u00e9fugi\u00e9s?<\/p>\n\n\n\n<p><strong>R\u00e9pondants<\/strong><\/p>\n\n\n\n<p>Qui peut \u00eatre r\u00e9pondant?<\/p>\n\n\n\n<p>Quelles sont les responsabilit\u00e9s des r\u00e9pondants?<\/p>\n\n\n\n<p>Qui recrute, \u00e9value, pr\u00e9pare et appuie les r\u00e9pondants?<\/p>\n\n\n\n<p><strong>Jumelage<\/strong><\/p>\n\n\n\n<p>De quelle fa\u00e7on et \u00e0 quel moment les r\u00e9fugi\u00e9s et les r\u00e9pondants sont-ils jumel\u00e9s et mis en relation?<\/p>\n\n\n<div class=\"wp-block-image\">\n<figure class=\"aligncenter size-full\"><img loading=\"lazy\" decoding=\"async\" width=\"750\" height=\"705\" src=\"https:\/\/refugeesponsorship.org\/wp-content\/uploads\/Policy-Design-Roadmap-French.png\" alt=\"\" class=\"wp-image-436\" srcset=\"https:\/\/refugeesponsorship.org\/wp-content\/uploads\/Policy-Design-Roadmap-French.png 592w, https:\/\/refugeesponsorship.org\/wp-content\/uploads\/Policy-Design-Roadmap-French-300x287.png 300w, https:\/\/refugeesponsorship.org\/wp-content\/uploads\/Policy-Design-Roadmap-French-13x12.png 13w\" sizes=\"auto, (max-width: 750px) 100vw, 750px\" \/><\/figure>\n<\/div>\n\n\n<p>Pour vous conseiller sur le processus, nous avons \u00e9labor\u00e9 un guide de conception de politiques qui r\u00e9sume les principales consid\u00e9rations, donnant l\u2019occasion de faire un remue-m\u00e9ninges et de discuter des questions cl\u00e9s. Pour en savoir plus, consultez le guide de conception de politiques: <br><br><a href=\"https:\/\/refugeesponsorship.org\/fr\/repertoire-des-ressources\/guide-de-conception-de-politiques-de-limpr-imprimable\/\">Version imprimable<\/a> <br><br><a href=\"https:\/\/refugeesponsorship.org\/fr\/repertoire-des-ressources\/guide-de-conception-de-politiques-de-limpr-modifiable\/\">Version pouvant \u00eatre remplie \u00e0 l\u2019\u00e9cran<\/a> <\/p>","protected":false},"excerpt":{"rendered":"<p>Every country is unique, and community sponsorship programs are tailored to the local context. However, there are some basic considerations, or building blocks, that underpin every program. A program can be designed by answering some key policy and operational questions, but the answers will differ between programs.&nbsp; Defining the three following aspects can help start [&hellip;]<\/p>\n","protected":false},"author":1,"featured_media":0,"parent":360,"menu_order":0,"comment_status":"closed","ping_status":"closed","template":"","meta":{"_seopress_robots_primary_cat":"","_seopress_titles_title":"","_seopress_titles_desc":"","_seopress_robots_index":"","footnotes":""},"class_list":["post-226","page","type-page","status-publish","hentry"],"_links":{"self":[{"href":"https:\/\/refugeesponsorship.org\/fr\/wp-json\/wp\/v2\/pages\/226","targetHints":{"allow":["GET"]}}],"collection":[{"href":"https:\/\/refugeesponsorship.org\/fr\/wp-json\/wp\/v2\/pages"}],"about":[{"href":"https:\/\/refugeesponsorship.org\/fr\/wp-json\/wp\/v2\/types\/page"}],"author":[{"embeddable":true,"href":"https:\/\/refugeesponsorship.org\/fr\/wp-json\/wp\/v2\/users\/1"}],"replies":[{"embeddable":true,"href":"https:\/\/refugeesponsorship.org\/fr\/wp-json\/wp\/v2\/comments?post=226"}],"version-history":[{"count":4,"href":"https:\/\/refugeesponsorship.org\/fr\/wp-json\/wp\/v2\/pages\/226\/revisions"}],"predecessor-version":[{"id":1067,"href":"https:\/\/refugeesponsorship.org\/fr\/wp-json\/wp\/v2\/pages\/226\/revisions\/1067"}],"up":[{"embeddable":true,"href":"https:\/\/refugeesponsorship.org\/fr\/wp-json\/wp\/v2\/pages\/360"}],"wp:attachment":[{"href":"https:\/\/refugeesponsorship.org\/fr\/wp-json\/wp\/v2\/media?parent=226"}],"curies":[{"name":"wp","href":"https:\/\/api.w.org\/{rel}","templated":true}]}}