{"id":222,"date":"2022-03-10T09:35:07","date_gmt":"2022-03-10T14:35:07","guid":{"rendered":"https:\/\/refugeesponsorship.org\/?page_id=222"},"modified":"2024-02-01T11:49:37","modified_gmt":"2024-02-01T16:49:37","slug":"principaux-elements-a-considerer","status":"publish","type":"page","link":"https:\/\/refugeesponsorship.org\/fr\/design-a-program\/key-considerations\/","title":{"rendered":"Principaux \u00e9l\u00e9ments \u00e0 consid\u00e9rer"},"content":{"rendered":"<p>Chaque programme de parrainage communautaire est unique et peut avoir pour but diff\u00e9rents objectifs. Au moment d\u2019\u00e9laborer un programme, il peut \u00eatre n\u00e9cessaire de tenir compte de quelques principes fondamentaux ayant une incidence directe sur le programme.&nbsp;<\/p>\n\n\n\n<figure class=\"wp-block-image size-large\"><img loading=\"lazy\" decoding=\"async\" width=\"1024\" height=\"683\" src=\"https:\/\/refugeesponsorship.org\/wp-content\/uploads\/2022-Design-a-Program-Key-Considerations-en-fr-image-1024x683.jpeg\" alt=\"\" class=\"wp-image-423\" srcset=\"https:\/\/refugeesponsorship.org\/wp-content\/uploads\/2022-Design-a-Program-Key-Considerations-en-fr-image-1024x683.jpeg 1024w, https:\/\/refugeesponsorship.org\/wp-content\/uploads\/2022-Design-a-Program-Key-Considerations-en-fr-image-300x200.jpeg 300w, https:\/\/refugeesponsorship.org\/wp-content\/uploads\/2022-Design-a-Program-Key-Considerations-en-fr-image-768x512.jpeg 768w, https:\/\/refugeesponsorship.org\/wp-content\/uploads\/2022-Design-a-Program-Key-Considerations-en-fr-image.jpeg 1200w\" sizes=\"auto, (max-width: 1024px) 100vw, 1024px\" \/><figcaption>Haitham Daour gives Ged Cavanagh a high five after a strike at a ten-pin bowling alley in Bury, United Kingdom. \nBefore the family arrived in the UK they had never tried ten-pin bowling. Now they go once a month with Ged and other members of the community sponsorship group.<\/figcaption><\/figure>\n\n\n\n<p>Au moment de concevoir un programme de parrainage communautaire, il est important de tenir compte de divers principes, en particulier les suivants :&nbsp;<\/p>\n\n\n\n<ul class=\"wp-block-list\"><li><strong>La protection <\/strong>est un \u00e9l\u00e9ment fondamental de tout programme de parrainage communautaire. Les droits des r\u00e9fugi\u00e9s et leurs besoins de protection doivent \u00eatre pr\u00e9serv\u00e9s, et les consid\u00e9rations peuvent \u00eatre orient\u00e9es par les conventions internationales de protection et les trait\u00e9s relatifs aux droits de la personne.&nbsp;<\/li><\/ul>\n\n\n\n<ul class=\"wp-block-list\"><li><strong>Les solutions durables<\/strong> repr\u00e9sentent le principal objectif du syst\u00e8me de protection international en ce qu\u2019elles permettent aux r\u00e9fugi\u00e9s de vivre dans la dignit\u00e9 et la paix en se sentant prot\u00e9g\u00e9s et en s\u00e9curit\u00e9, en plus de leur donner un statut l\u00e9gitime qui pr\u00e9serve la qualit\u00e9 du programme en tant que solution durable.&nbsp;<\/li><\/ul>\n\n\n\n<ul class=\"wp-block-list\"><li><strong>Le partage des responsabilit\u00e9s internationales<\/strong> est essentiel afin d\u2019offrir une protection internationale et de faire preuve de solidarit\u00e9, ce qui permet aux \u00c9tats de partager et de r\u00e9duire le fardeau li\u00e9 aux situations de d\u00e9placement forc\u00e9. Le parrainage communautaire des r\u00e9fugi\u00e9s est une occasion de contribuer au partage des responsabilit\u00e9s internationales au niveau communautaire.&nbsp;<\/li><\/ul>\n\n\n\n<ul class=\"wp-block-list\"><li><strong>La compl\u00e9mentarit\u00e9 <\/strong>est un principe important \u00e0 prendre en compte durant la conception d\u2019un programme de parrainage communautaire. Afin d\u2019augmenter le nombre de places de protection dans un pays, les programmes de parrainage communautaire devraient s\u2019ajouter aux voies de r\u00e9installation et aux voies compl\u00e9mentaires actuelles.&nbsp;<\/li><\/ul>\n\n\n\n<ul class=\"wp-block-list\"><li><strong>Le regroupement familial<\/strong> est un principe qui reconna\u00eet le droit de chacun \u00e0 la vie familiale et doit \u00eatre un aspect cl\u00e9 de tout programme de parrainage  communautaire. La possibilit\u00e9 pour les r\u00e9fugi\u00e9s de faire venir les membres de leur famille dans un lieu s\u00fbr appuie leur propre processus d\u2019int\u00e9gration.&nbsp;<\/li><\/ul>\n\n\n\n<ul class=\"wp-block-list\"><li><strong>Une participation significative<\/strong> des r\u00e9fugi\u00e9s am\u00e9liorera la conception, la mise en \u0153uvre et l\u2019\u00e9valuation du programme \u00e9tant donn\u00e9 que les personnes ayant une exp\u00e9rience v\u00e9cue fournissent de pr\u00e9cieux renseignements et points de vue.&nbsp;<\/li><\/ul>\n\n\n\n<ul class=\"wp-block-list\"><li><strong>L\u2019esprit communautaire<\/strong> est au c\u0153ur des programmes de parrainage communautaire en ce qu\u2019il rend les communaut\u00e9s plus accueillantes et inclusives. Les programmes reposent sur un v\u00e9ritable partenariat entre le gouvernement et les communaut\u00e9s, lesquelles sont habilit\u00e9es \u00e0 agir.&nbsp;<\/li><\/ul>\n\n\n\n<ul class=\"wp-block-list\"><li><strong>Les partenariats en cours et la responsabilisation<\/strong> repr\u00e9sentent un volet important des programmes de parrainage communautaire, dont la conception et la mise en \u0153uvre sont le fruit d\u2019une collaboration entre les secteurs priv\u00e9 et public. Ce volet peut comprendre la mise en place d\u2019une infrastructure favorisant un dialogue permanent entre les intervenants, ou la conduite d\u2019activit\u00e9s de surveillance et d\u2019\u00e9valuation afin d\u2019am\u00e9liorer l\u2019int\u00e9grit\u00e9 et l\u2019efficacit\u00e9 des programmes et des politiques.&nbsp;<\/li><\/ul>\n\n\n\n<p><\/p>","protected":false},"excerpt":{"rendered":"<p>Community sponsorship programs are unique in their design and can pursue different objectives. When developing a program some overarching principles may need to be considered as they will have a direct impact on the program.&nbsp; Among other principles, it is particularly important for those designing a community sponsorship program to consider the following:&nbsp; Protection is [&hellip;]<\/p>\n","protected":false},"author":1,"featured_media":0,"parent":360,"menu_order":0,"comment_status":"closed","ping_status":"closed","template":"","meta":{"_seopress_robots_primary_cat":"","_seopress_titles_title":"","_seopress_titles_desc":"","_seopress_robots_index":"","footnotes":""},"class_list":["post-222","page","type-page","status-publish","hentry"],"_links":{"self":[{"href":"https:\/\/refugeesponsorship.org\/fr\/wp-json\/wp\/v2\/pages\/222","targetHints":{"allow":["GET"]}}],"collection":[{"href":"https:\/\/refugeesponsorship.org\/fr\/wp-json\/wp\/v2\/pages"}],"about":[{"href":"https:\/\/refugeesponsorship.org\/fr\/wp-json\/wp\/v2\/types\/page"}],"author":[{"embeddable":true,"href":"https:\/\/refugeesponsorship.org\/fr\/wp-json\/wp\/v2\/users\/1"}],"replies":[{"embeddable":true,"href":"https:\/\/refugeesponsorship.org\/fr\/wp-json\/wp\/v2\/comments?post=222"}],"version-history":[{"count":5,"href":"https:\/\/refugeesponsorship.org\/fr\/wp-json\/wp\/v2\/pages\/222\/revisions"}],"predecessor-version":[{"id":1660,"href":"https:\/\/refugeesponsorship.org\/fr\/wp-json\/wp\/v2\/pages\/222\/revisions\/1660"}],"up":[{"embeddable":true,"href":"https:\/\/refugeesponsorship.org\/fr\/wp-json\/wp\/v2\/pages\/360"}],"wp:attachment":[{"href":"https:\/\/refugeesponsorship.org\/fr\/wp-json\/wp\/v2\/media?parent=222"}],"curies":[{"name":"wp","href":"https:\/\/api.w.org\/{rel}","templated":true}]}}