{"id":220,"date":"2022-03-09T10:00:12","date_gmt":"2022-03-09T15:00:12","guid":{"rendered":"https:\/\/refugeesponsorship.org\/?page_id=220"},"modified":"2022-10-26T09:47:30","modified_gmt":"2022-10-26T13:47:30","slug":"carte-interactive","status":"publish","type":"page","link":"https:\/\/refugeesponsorship.org\/fr\/explore-sponsorship\/interactive-map\/","title":{"rendered":"Carte interactive"},"content":{"rendered":"<p>La carte du monde interactive de l\u2019IMPR m\u00e8ne aux programmes de parrainage communautaire et aux programmes similaires qui existent \u00e0 l\u2019\u00e9chelle de la plan\u00e8te. Elle montre les pays qui offrent de tels programmes et contient des liens qui m\u00e8nent aux renseignements \u00e0 jour des organisations responsables dans chaque pays.&nbsp;<\/p>\n\n\n\n<p>Bien que la carte soit mise \u00e0 jour p\u00e9riodiquement, il est possible qu\u2019elle ne refl\u00e8te pas l\u2019information la plus r\u00e9cente.<\/p>\n\n\n<div class=\"map_wrapper\" id=\"map_wrapper_577\">\n<div class=\"map_box igm_content_left_2_3\" style=\"max-width:2000px\">\n<div class=\"map_aspect_ratio\" style=\"padding-top:56%\" data-padding-top=\"56%\" data-padding-top-mobile=\"0%\">\n<div class=\"map_container\">\n<div class=\"map_render map_loading\" id=\"map_577\"><\/div>\n<\/div>\n<\/div>\n<\/div><div class=\"igm_content_gutter\" style=\"width:0%;\"><\/div><div style=\"background:transparent; padding:px px px px; width:33%;\" class=\"igm_content_right_1_3\"><div id=\"default_577\"><\/div><\/div>\n<\/div>","protected":false},"excerpt":{"rendered":"<p>The GRSI\u2019s interactive global map features community sponsorship programs and sponsorship-like programs throughout the world. The map displays the countries in which these programs exist and provides directions to up-to-date information from the leading organizations in each country.&nbsp; The map is updated periodically but may not reflect the most up-to-date information.<\/p>","protected":false},"author":1,"featured_media":0,"parent":358,"menu_order":4,"comment_status":"closed","ping_status":"closed","template":"","meta":{"_seopress_robots_primary_cat":"","_seopress_titles_title":"","_seopress_titles_desc":"","_seopress_robots_index":"","footnotes":""},"class_list":["post-220","page","type-page","status-publish","hentry"],"_links":{"self":[{"href":"https:\/\/refugeesponsorship.org\/fr\/wp-json\/wp\/v2\/pages\/220","targetHints":{"allow":["GET"]}}],"collection":[{"href":"https:\/\/refugeesponsorship.org\/fr\/wp-json\/wp\/v2\/pages"}],"about":[{"href":"https:\/\/refugeesponsorship.org\/fr\/wp-json\/wp\/v2\/types\/page"}],"author":[{"embeddable":true,"href":"https:\/\/refugeesponsorship.org\/fr\/wp-json\/wp\/v2\/users\/1"}],"replies":[{"embeddable":true,"href":"https:\/\/refugeesponsorship.org\/fr\/wp-json\/wp\/v2\/comments?post=220"}],"version-history":[{"count":5,"href":"https:\/\/refugeesponsorship.org\/fr\/wp-json\/wp\/v2\/pages\/220\/revisions"}],"predecessor-version":[{"id":1278,"href":"https:\/\/refugeesponsorship.org\/fr\/wp-json\/wp\/v2\/pages\/220\/revisions\/1278"}],"up":[{"embeddable":true,"href":"https:\/\/refugeesponsorship.org\/fr\/wp-json\/wp\/v2\/pages\/358"}],"wp:attachment":[{"href":"https:\/\/refugeesponsorship.org\/fr\/wp-json\/wp\/v2\/media?parent=220"}],"curies":[{"name":"wp","href":"https:\/\/api.w.org\/{rel}","templated":true}]}}