{"id":211,"date":"2022-03-09T10:56:19","date_gmt":"2022-03-09T15:56:19","guid":{"rendered":"https:\/\/refugeesponsorship.org\/?page_id=211"},"modified":"2022-06-27T08:21:36","modified_gmt":"2022-06-27T12:21:36","slug":"le-processus-de-parrainage","status":"publish","type":"page","link":"https:\/\/refugeesponsorship.org\/fr\/explore-sponsorship\/the-sponsorship-journey\/","title":{"rendered":"Le processus de parrainage"},"content":{"rendered":"<p>The journey towards becoming a sponsor starts in your community. Prospective sponsors can find out if a sponsorship program exists in their country by visiting the GRSI\u2019s <a href=\"https:\/\/refugeesponsorship.org\/fr\/explorer-le-parrainage\/carte-interactive\/\" data-type=\"page\" data-id=\"220\">interactive global map<\/a>. Interested sponsors can follow links to websites run by national governments and leading civil society organizations describing the programs.\u00a0\u00a0<\/p>\n\n\n\n<p>En g\u00e9n\u00e9ral, le processus de parrainage est compos\u00e9 des \u00e9tapes principales suivantes :&nbsp;<\/p>\n\n\n\n<ul class=\"wp-block-list\"><li>former un groupe local et obtenir le soutien de la communaut\u00e9;&nbsp;&nbsp;<\/li><li>soumettre les formulaires gouvernementaux;&nbsp;&nbsp;<\/li><li>pr\u00e9parer l\u2019arriv\u00e9e du ou des r\u00e9fugi\u00e9s;&nbsp;&nbsp;<\/li><li>accueillir le ou les r\u00e9fugi\u00e9s dans leur\nnouveau foyer;&nbsp;&nbsp;<\/li><li>participer \u00e0 tous les pr\u00e9paratifs\nn\u00e9cessaires en vue de la transition du ou\ndes r\u00e9fugi\u00e9s vers une vie autonome.&nbsp;<\/li><\/ul>\n\n\n\n<p>Apr\u00e8s s\u2019\u00eatre renseign\u00e9s sur le r\u00f4le du r\u00e9pondant dans leur pays et leur communaut\u00e9, les particuliers et les groupes devraient pouvoir communiquer avec une organisation communautaire de leur r\u00e9gion afin d\u2019obtenir des conseils. Ces organisations devraient \u00eatre en mesure de vous accompagner dans votre processus de parrainage, notamment en vous aidant \u00e0 former votre groupe de parrainage et \u00e0 trouver des activit\u00e9s de formation.<\/p>","protected":false},"excerpt":{"rendered":"<p>The journey towards becoming a sponsor starts in your community. Prospective sponsors can find out if a sponsorship program exists in their country by visiting the GRSI\u2019s interactive global map. Interested sponsors can follow links to websites run by national governments and leading civil society organizations describing the programs.\u00a0\u00a0 In general, the key steps involved [&hellip;]<\/p>\n","protected":false},"author":1,"featured_media":0,"parent":358,"menu_order":3,"comment_status":"closed","ping_status":"closed","template":"","meta":{"_seopress_robots_primary_cat":"","_seopress_titles_title":"","_seopress_titles_desc":"","_seopress_robots_index":"","footnotes":""},"class_list":["post-211","page","type-page","status-publish","hentry"],"_links":{"self":[{"href":"https:\/\/refugeesponsorship.org\/fr\/wp-json\/wp\/v2\/pages\/211","targetHints":{"allow":["GET"]}}],"collection":[{"href":"https:\/\/refugeesponsorship.org\/fr\/wp-json\/wp\/v2\/pages"}],"about":[{"href":"https:\/\/refugeesponsorship.org\/fr\/wp-json\/wp\/v2\/types\/page"}],"author":[{"embeddable":true,"href":"https:\/\/refugeesponsorship.org\/fr\/wp-json\/wp\/v2\/users\/1"}],"replies":[{"embeddable":true,"href":"https:\/\/refugeesponsorship.org\/fr\/wp-json\/wp\/v2\/comments?post=211"}],"version-history":[{"count":5,"href":"https:\/\/refugeesponsorship.org\/fr\/wp-json\/wp\/v2\/pages\/211\/revisions"}],"predecessor-version":[{"id":1189,"href":"https:\/\/refugeesponsorship.org\/fr\/wp-json\/wp\/v2\/pages\/211\/revisions\/1189"}],"up":[{"embeddable":true,"href":"https:\/\/refugeesponsorship.org\/fr\/wp-json\/wp\/v2\/pages\/358"}],"wp:attachment":[{"href":"https:\/\/refugeesponsorship.org\/fr\/wp-json\/wp\/v2\/media?parent=211"}],"curies":[{"name":"wp","href":"https:\/\/api.w.org\/{rel}","templated":true}]}}