{"id":209,"date":"2022-03-09T10:57:00","date_gmt":"2022-03-09T15:57:00","guid":{"rendered":"https:\/\/refugeesponsorship.org\/?page_id=209"},"modified":"2024-09-03T05:14:02","modified_gmt":"2024-09-03T09:14:02","slug":"le-potentiel-du-parrainage-communautaire","status":"publish","type":"page","link":"https:\/\/refugeesponsorship.org\/fr\/explore-sponsorship\/the-potential-of-community-sponsorship\/","title":{"rendered":"Le potentiel du parrainage communautaire"},"content":{"rendered":"<p>Les programmes de parrainage communautaire ont de nombreuses retomb\u00e9es \u2013 sur les r\u00e9fugi\u00e9s et sur la communaut\u00e9 d\u2019accueil \u2013 et repr\u00e9sentent un outil novateur et efficace afin d\u2019augmenter et d\u2019am\u00e9liorer les voies vers la protection.&nbsp;&nbsp;<\/p>\n\n\n\n<h4 class=\"wp-block-heading\">Faire cro\u00eetre le syst\u00e8me de protection internationale&nbsp;<\/h4>\n\n\n\n<p>Le parrainage communautaire a \u00e9t\u00e9 reconnu comme un outil essentiel pour accro\u00eetre et am\u00e9liorer la protection des r\u00e9fugi\u00e9s dans la <a href=\"https:\/\/www.unhcr.org\/en-us\/new-york-declaration-for-refugees-and-migrants.html\">D\u00e9claration de New York pour les r\u00e9fugi\u00e9s et les migrants<\/a>, le <a href=\"https:\/\/www.unhcr.org\/fr\/5c700c524\">Pacte mondial sur les r\u00e9fugi\u00e9s<\/a>, et la <a href=\"https:\/\/www.unhcr.org\/5fda330e4.pdf\">Strat\u00e9gie triennale sur la r\u00e9installation et les voies compl\u00e9mentaires d\u2019admissions<\/a>.<\/p>\n\n\n\n<p>Le parrainage communautaire aide les r\u00e9fugi\u00e9s et d\u2019autres personnes ayant besoin d\u2019une protection internationale par la r\u00e9installation et les voies d\u2019acc\u00e8s compl\u00e9mentaires, tels que des corridors humanitaires, des programmes de mobilit\u00e9 de la main-d\u2019\u0153uvre et des voies d\u2019acc\u00e8s \u00e0 des programmes d\u2019\u00e9tudes.&nbsp;<\/p>\n\n\n\n<h4 class=\"wp-block-heading\">Am\u00e9liorer les r\u00e9sultats en mati\u00e8re d\u2019int\u00e9gration et d\u2019\u00e9tablissement&nbsp;&nbsp;<\/h4>\n\n\n\n<p>Les \u00e9tudes et les \u00e9valuations des programmes de parrainage communautaire offerts partout dans le monde indiquent que le parrainage communautaire tend \u00e0 avoir des  effets favorables sur l\u2019int\u00e9gration des r\u00e9fugi\u00e9s et que la participation \u00e0 ces programmes est avantageuse \u00e0 la fois pour les communaut\u00e9s d\u2019accueil et les nouveaux arrivants.&nbsp;&nbsp;<\/p>\n\n\n\n<p>Le soutien officiel et officieux offert par les groupes de parrainage peut aider les r\u00e9fugi\u00e9s \u00e0 se familiariser avec leur nouvelle communaut\u00e9, \u00e0 trouver un emploi et \u00e0 nouer des liens d\u2019amiti\u00e9.&nbsp;&nbsp;<\/p>\n\n\n\n<h4 class=\"wp-block-heading\">Mobiliser et renforcer la communaut\u00e9 locale&nbsp;<\/h4>\n\n\n\n<p>Around the world, thousands of individual sponsors and hundreds of civil society organizations - including advocacy organizations, refugee agencies, faith-based organizations and community associations - are engaged in organizing and implementing community sponsorship programs. Through the mobilization of these sponsors, several hundreds of thousands of refugees have been welcomed worldwide through community sponsorship programs.\u00a0\u00a0<\/p>\n\n\n\n<p>Les relations nou\u00e9es entre les parrains et les nouveaux arrivants contribuent \u00e0 la cr\u00e9ation d'une communaut\u00e9 diversifi\u00e9e et accueillante - en rassemblant des personnes ayant des opinions politiques, des cultures et des exp\u00e9riences de vie diff\u00e9rentes. Cela permet d'am\u00e9liorer le discours \u00e0 propos des \u00ab r\u00e9fugi\u00e9s \u00bb et de cr\u00e9er des communaut\u00e9s d'accueil.&nbsp;&nbsp;<\/p>","protected":false},"excerpt":{"rendered":"<p>Community sponsorship programs have many positive impacts \u2013 both on refugees and the host community \u2013 and are an effective and innovative tool for increasing and improving pathways to protection.&nbsp;&nbsp; Growing the Global Protection System&nbsp; Community sponsorship has been recognized as a critical tool for growing and improving refugee protection in the New York Declaration [&hellip;]<\/p>\n","protected":false},"author":1,"featured_media":0,"parent":358,"menu_order":2,"comment_status":"closed","ping_status":"closed","template":"","meta":{"_seopress_robots_primary_cat":"","_seopress_titles_title":"","_seopress_titles_desc":"","_seopress_robots_index":"","footnotes":""},"class_list":["post-209","page","type-page","status-publish","hentry"],"_links":{"self":[{"href":"https:\/\/refugeesponsorship.org\/fr\/wp-json\/wp\/v2\/pages\/209","targetHints":{"allow":["GET"]}}],"collection":[{"href":"https:\/\/refugeesponsorship.org\/fr\/wp-json\/wp\/v2\/pages"}],"about":[{"href":"https:\/\/refugeesponsorship.org\/fr\/wp-json\/wp\/v2\/types\/page"}],"author":[{"embeddable":true,"href":"https:\/\/refugeesponsorship.org\/fr\/wp-json\/wp\/v2\/users\/1"}],"replies":[{"embeddable":true,"href":"https:\/\/refugeesponsorship.org\/fr\/wp-json\/wp\/v2\/comments?post=209"}],"version-history":[{"count":4,"href":"https:\/\/refugeesponsorship.org\/fr\/wp-json\/wp\/v2\/pages\/209\/revisions"}],"predecessor-version":[{"id":1194,"href":"https:\/\/refugeesponsorship.org\/fr\/wp-json\/wp\/v2\/pages\/209\/revisions\/1194"}],"up":[{"embeddable":true,"href":"https:\/\/refugeesponsorship.org\/fr\/wp-json\/wp\/v2\/pages\/358"}],"wp:attachment":[{"href":"https:\/\/refugeesponsorship.org\/fr\/wp-json\/wp\/v2\/media?parent=209"}],"curies":[{"name":"wp","href":"https:\/\/api.w.org\/{rel}","templated":true}]}}