{"id":207,"date":"2022-03-09T10:58:00","date_gmt":"2022-03-09T15:58:00","guid":{"rendered":"https:\/\/refugeesponsorship.org\/?page_id=207"},"modified":"2022-06-27T10:49:18","modified_gmt":"2022-06-27T14:49:18","slug":"les-roles-fondamentaux-des-groupes-de-parrainage","status":"publish","type":"page","link":"https:\/\/refugeesponsorship.org\/fr\/explore-sponsorship\/basic-roles-for-sponsorship-groups\/","title":{"rendered":"Les r\u00f4les fondamentaux des groupes de parrainage"},"content":{"rendered":"<p>\u00c0 l\u2019\u00e9chelle de la plan\u00e8te, des particuliers forment des groupes de parrainage qui se chargent d\u2019accueillir des r\u00e9fugi\u00e9s dans leur communaut\u00e9. Bien que les exigences li\u00e9es aux groupes de parrainage varient d\u2019un programme \u00e0 l\u2019autre, les groupes de r\u00e9pondants jouent un r\u00f4le essentiel en aidant les r\u00e9fugi\u00e9s \u00e0 s\u2019\u00e9tablir et \u00e0 s\u2019int\u00e9grer pendant toute la p\u00e9riode de parrainage \u00e9tablie.&nbsp;&nbsp;<\/p>\n\n\n\n<p>Les responsabilit\u00e9s des groupes de parrainage peuvent inclure les suivantes :&nbsp;<\/p>\n\n\n\n<ul class=\"wp-block-list\"><li><strong>Aide \u00e0 l\u2019\u00e9tablissement<\/strong>: les r\u00e9pondants aident les nouveaux arrivants \u00e0 trouver un logement, \u00e0 s\u2019inscrire \u00e0 l\u2019\u00e9cole, \u00e0 trouver un emploi, \u00e0 obtenir des soins de sant\u00e9 et un soutien linguistique et \u00e0 profiter des activit\u00e9s et des services cr\u00e9\u00e9s \u00e0 l\u2019intention des nouveaux arrivants.\u00a0\u00a0\u00a0<\/li><\/ul>\n\n\n\n<ul class=\"wp-block-list\"><li><strong>Aide financi\u00e8re<\/strong>: bien que les conditions financi\u00e8res particuli\u00e8res varient d\u2019un pays \u00e0 l\u2019autre, les r\u00e9pondants peuvent avoir la responsabilit\u00e9 de fournir un logement et un soutien du revenu et de pourvoir aux besoins fondamentaux des r\u00e9fugi\u00e9s.\u00a0<\/li><\/ul>\n\n\n\n<ul class=\"wp-block-list\"><li><strong>Soutien social et affectif officieux<\/strong>: les r\u00e9pondants aident les nouveaux arrivants \u00e0 se familiariser avec le mode de vie de leur nouveau pays en leur fournissant de l\u2019information sur la culture et la communaut\u00e9, et en les aidant \u00e0 cr\u00e9er des liens.\u00a0\u00a0<\/li><\/ul>\n\n\n\n<p>Utilisez la carte interactive afin de vous renseigner sur les caract\u00e9ristiques des divers programmes de parrainage existant dans le monde <a href=\"https:\/\/refugeesponsorship.org\/fr\/explorer-le-parrainage\/carte-interactive\/\" data-type=\"page\" data-id=\"220\">Lien vers la carte interactive<\/a>.<\/p>","protected":false},"excerpt":{"rendered":"<p>Around the world, groups of individuals are taking leading roles in the welcoming of refugee newcomers into their community as part of sponsorship groups. While the requirements of sponsorship groups vary from program to program, sponsor groups play key roles supporting the settlement and integration of refugee newcomers throughout the designated sponsorship period.&nbsp;&nbsp; The responsibilities [&hellip;]<\/p>\n","protected":false},"author":1,"featured_media":0,"parent":358,"menu_order":1,"comment_status":"closed","ping_status":"closed","template":"","meta":{"_seopress_robots_primary_cat":"","_seopress_titles_title":"","_seopress_titles_desc":"","_seopress_robots_index":"","footnotes":""},"class_list":["post-207","page","type-page","status-publish","hentry"],"_links":{"self":[{"href":"https:\/\/refugeesponsorship.org\/fr\/wp-json\/wp\/v2\/pages\/207","targetHints":{"allow":["GET"]}}],"collection":[{"href":"https:\/\/refugeesponsorship.org\/fr\/wp-json\/wp\/v2\/pages"}],"about":[{"href":"https:\/\/refugeesponsorship.org\/fr\/wp-json\/wp\/v2\/types\/page"}],"author":[{"embeddable":true,"href":"https:\/\/refugeesponsorship.org\/fr\/wp-json\/wp\/v2\/users\/1"}],"replies":[{"embeddable":true,"href":"https:\/\/refugeesponsorship.org\/fr\/wp-json\/wp\/v2\/comments?post=207"}],"version-history":[{"count":5,"href":"https:\/\/refugeesponsorship.org\/fr\/wp-json\/wp\/v2\/pages\/207\/revisions"}],"predecessor-version":[{"id":1198,"href":"https:\/\/refugeesponsorship.org\/fr\/wp-json\/wp\/v2\/pages\/207\/revisions\/1198"}],"up":[{"embeddable":true,"href":"https:\/\/refugeesponsorship.org\/fr\/wp-json\/wp\/v2\/pages\/358"}],"wp:attachment":[{"href":"https:\/\/refugeesponsorship.org\/fr\/wp-json\/wp\/v2\/media?parent=207"}],"curies":[{"name":"wp","href":"https:\/\/api.w.org\/{rel}","templated":true}]}}