{"id":205,"date":"2022-03-09T10:55:30","date_gmt":"2022-03-09T15:55:30","guid":{"rendered":"https:\/\/refugeesponsorship.org\/?page_id=205"},"modified":"2024-08-06T21:45:34","modified_gmt":"2024-08-07T01:45:34","slug":"en-quoi-consiste-le-parrainage-communautaire","status":"publish","type":"page","link":"https:\/\/refugeesponsorship.org\/fr\/what-is-community-sponsorship\/","title":{"rendered":"En quoi consiste le parrainage communautaire?"},"content":{"rendered":"<p>Les programmes de parrainage communautaire donnent \u00e0 des groupes de personnes les outils n\u00e9cessaires afin d\u2019accueillir des r\u00e9fugi\u00e9s dans leurs communaut\u00e9s. Dans le cadre de ces programmes, des citoyens forment des groupes et prennent en charge l\u2019accueil et l\u2019int\u00e9gration des r\u00e9fugi\u00e9s et des autres personnes ayant besoin d\u2019une protection internationale. Ces personnes s\u2019engagent \u00e0 fournir une aide financi\u00e8re ainsi qu\u2019un soutien affectif et \u00e0 l\u2019int\u00e9gration pendant une p\u00e9riode prescrite, afin d\u2019aider les r\u00e9fugi\u00e9s \u00e0 s\u2019adapter \u00e0 la vie dans un nouveau pays.&nbsp;<\/p>\n\n\n\n<p>La premi\u00e8re initiative de parrainage communautaire a vu le jour au Canada, en 1979, afin de venir en aide aux r\u00e9fugi\u00e9s qui fuyaient le Cambodge, le Laos et le Vietnam.&nbsp;<\/p>\n\n\n\n<p>Des programmes voient le jour partout dans le monde, et l\u2019IMPR joue un r\u00f4le actif dans une vingtaine de pays qui travaillent actuellement \u00e0 la conception, \u00e0 la mise en \u0153uvre ou \u00e0 l\u2019exploration de nouveaux programmes sur les quatre continents. Au nombre des pays figurent le Canada, les \u00c9tats-Unis, le Royaume-Uni, l\u2019Allemagne, l\u2019Irlande, l\u2019Italie, l\u2019Espagne, la Belgique, les Pays-Bas, la France, le Portugal, la Su\u00e8de, la Finlande, l\u2019Australie, la Nouvelle-Z\u00e9lande, l\u2019Argentine et le Br\u00e9sil.&nbsp;&nbsp;<\/p>\n\n\n\n<p>Afin de v\u00e9rifier \u00e0 quels endroits des programmes de parrainage communautaire sont offerts, consultez <a href=\"https:\/\/refugeesponsorship.org\/fr\/explorer-le-parrainage\/carte-interactive\/\" data-type=\"page\" data-id=\"220\">Lien vers la carte interactive<\/a>.<\/p>\n\n\n\n<p>Les programmes de parrainage communautaire sont men\u00e9s sous forme de partenariats entre les secteurs public et priv\u00e9 et mobilisent un \u00e9ventail de partenaires, notamment des administrations nationales et locales, le HCR et des organisations locales de la soci\u00e9t\u00e9 civile. Cette approche pansoci\u00e9tale pour la r\u00e9installation des r\u00e9fugi\u00e9s peut permettre d\u2019am\u00e9liorer les r\u00e9sultats d\u2019int\u00e9gration, renforcer les communaut\u00e9s locales et accro\u00eetre le nombre de voies vers la protection. Le parrainage communautaire illustre l\u2019importance de soutenir la r\u00e9installation et les voies compl\u00e9mentaires d\u2019acc\u00e8s.<\/p>\n\n\n\n<p>Pour de plus amples renseignements, consultez les pages suivantes :<\/p>\n\n\n\n<p><a href=\"https:\/\/refugeesponsorship.org\/fr\/explorer-le-parrainage\/les-roles-fondamentaux-des-groupes-de-parrainage\/\" data-type=\"page\" data-id=\"207\">Les r\u00f4les fondamentaux des groupes de parrainage<\/a><\/p>\n\n\n\n<p><a href=\"https:\/\/refugeesponsorship.org\/fr\/explorer-le-parrainage\/le-potentiel-du-parrainage-communautaire\/\" data-type=\"page\" data-id=\"209\">Le potentiel du parrainage communautaire<\/a><\/p>\n\n\n\n<p>For more information from UNHCR on resettlement and complementary pathways, visit UNHCR <a href=\"https:\/\/www.unhcr.org\/resettlement.html\">R\u00e9installation<\/a> et <a href=\"https:\/\/www.unhcr.org\/complementary-pathways.html\">Les voies compl\u00e9mentaires sur le site Web du HCR<\/a>.\u00a0<\/p>\n\n\n\n<figure class=\"wp-block-embed is-type-video is-provider-youtube wp-block-embed-youtube wp-embed-aspect-16-9 wp-has-aspect-ratio\"><div class=\"wp-block-embed__wrapper\">\n<iframe loading=\"lazy\" title=\"Parrainage de r\u00e9fugi\u00e9s: \u00e0 quoi s\u2019attendre\" width=\"500\" height=\"281\" src=\"https:\/\/www.youtube.com\/embed\/T-aIahv_k7A?feature=oembed\" frameborder=\"0\" allow=\"accelerometer; autoplay; clipboard-write; encrypted-media; gyroscope; picture-in-picture; web-share\" referrerpolicy=\"strict-origin-when-cross-origin\" allowfullscreen><\/iframe>\n<\/div><\/figure>","protected":false},"excerpt":{"rendered":"<p>Community sponsorship programs empower groups of individuals to welcome refugees into their communities. In such programs, citizens form groups and assume responsibility for the reception and integration of refugees and others in need of international protection. They commit to providing emotional, financial, and integration support for a designated period of time to help refugees adjust [&hellip;]<\/p>\n","protected":false},"author":1,"featured_media":0,"parent":0,"menu_order":0,"comment_status":"closed","ping_status":"closed","template":"","meta":{"_seopress_robots_primary_cat":"","_seopress_titles_title":"","_seopress_titles_desc":"","_seopress_robots_index":"","footnotes":""},"class_list":["post-205","page","type-page","status-publish","hentry"],"_links":{"self":[{"href":"https:\/\/refugeesponsorship.org\/fr\/wp-json\/wp\/v2\/pages\/205","targetHints":{"allow":["GET"]}}],"collection":[{"href":"https:\/\/refugeesponsorship.org\/fr\/wp-json\/wp\/v2\/pages"}],"about":[{"href":"https:\/\/refugeesponsorship.org\/fr\/wp-json\/wp\/v2\/types\/page"}],"author":[{"embeddable":true,"href":"https:\/\/refugeesponsorship.org\/fr\/wp-json\/wp\/v2\/users\/1"}],"replies":[{"embeddable":true,"href":"https:\/\/refugeesponsorship.org\/fr\/wp-json\/wp\/v2\/comments?post=205"}],"version-history":[{"count":5,"href":"https:\/\/refugeesponsorship.org\/fr\/wp-json\/wp\/v2\/pages\/205\/revisions"}],"predecessor-version":[{"id":1187,"href":"https:\/\/refugeesponsorship.org\/fr\/wp-json\/wp\/v2\/pages\/205\/revisions\/1187"}],"wp:attachment":[{"href":"https:\/\/refugeesponsorship.org\/fr\/wp-json\/wp\/v2\/media?parent=205"}],"curies":[{"name":"wp","href":"https:\/\/api.w.org\/{rel}","templated":true}]}}