{"id":180,"date":"2022-03-07T09:54:08","date_gmt":"2022-03-07T14:54:08","guid":{"rendered":"https:\/\/refugeesponsorship.org\/?page_id=180"},"modified":"2024-09-04T21:38:52","modified_gmt":"2024-09-05T01:38:52","slug":"partenaires","status":"publish","type":"page","link":"https:\/\/refugeesponsorship.org\/fr\/about-the-global-refugee-sponsorship-initiative\/partners\/","title":{"rendered":"Partenaires"},"content":{"rendered":"<p>The Global Refugee Sponsorship Initiative (GRSI) is a joint initiative led by the Government of Canada, the United Nations High Commissioner for Refugees (UNHCR), The Giustra Foundation, the Open Society Foundations, The Shapiro Foundation, the University of Ottawa Refugee Hub-Pathways International, Porticus and Robert Bosch Stiftung.<\/p>\n\n\n\n<p>\u201cI am proud of the ongoing work of the GRSI to support the development and implementation of community sponsorship programs around the globe, and the progress we have achieved collectively in helping those in need. I also want to thank Canadians for their enthusiasm in sponsoring refugees. While there is much more to be done, together, we are leading with compassion and doing our part to build a better tomorrow.\u201d \u2014 Hon. Sean Fraser, Minister of Immigration, Refugees and Citizenship Canada<\/p>\n\n\n\n<p>\u201cThe community sponsorship programs that are at the core of GRSI\u2019s activities are one way of helping to grow resettlement to the levels it needs to reach. Together with communities around the world who are extending the hand of welcome to refugees, we can help sponsorship make a real contribution to more and better solutions for refugees in desperate need.\u201d \u2014 Gillian Triggs, UNHCR Assistant High Commissioner for Protection<\/p>\n\n\n\n<p>\u201cThis initiative aims to share Canada\u2019s experience and support the adoption of similar models in other countries. The ultimate goal is to increase refugee protection by mobilizing the compassion that exists in communities around the world.\u201d \u2014 Jennifer Bond, Chair of the Global Refugee Sponsorship Initiative and Founder and CEO of the University of Ottawa Refugee Hub-Pathways International<\/p>\n\n\n\n<p>\u201cThere\u2019s a tremendous desire from people around the world to respond to this crisis. The Global Refugee Sponsorship Initiative creates opportunities for citizens to engage with and participate in a humanitarian effort\u2014for the benefit of refugees and for the benefit of the communities that they live in.\u201d \u2014 Gregory A. Maniatis, Director, International Migration Initiative, Open Society Foundations<\/p>\n\n\n\n<p>\u201cThe refugee crisis can be addressed if we act as global citizens, in collaboration with governments, the private sector and the philanthropic community.\u201d \u2014 Frank Giustra, Founder and President of the Giustra Foundation<\/p>\n\n\n\n<p>L\u2019IMPR \u00e9volue dans un \u00e9cosyst\u00e8me qui s\u2019enrichit continuellement d\u2019organisations et de particuliers, qui appuient la croissance des programmes de parrainage communautaire \u00e0 l\u2019\u00e9chelle du monde entier. Parmi ces organisations figurent des universit\u00e9s, des entreprises, des groupes de d\u00e9fense, des organismes d\u2019aide \u00e0 l\u2019\u00e9tablissement, des fondations, des administrations nationales et locales et de nombreux autres groupes.<\/p>","protected":false},"excerpt":{"rendered":"<p>The Global Refugee Sponsorship Initiative (GRSI) is a joint initiative led by the Government of Canada, the United Nations High Commissioner for Refugees (UNHCR), The Giustra Foundation, the Open Society Foundations, The Shapiro Foundation, the University of Ottawa Refugee Hub-Pathways International, Porticus and Robert Bosch Stiftung. \u201cI am proud of the ongoing work of the [&hellip;]<\/p>\n","protected":false},"author":1,"featured_media":0,"parent":79,"menu_order":3,"comment_status":"closed","ping_status":"closed","template":"","meta":{"_seopress_robots_primary_cat":"","_seopress_titles_title":"","_seopress_titles_desc":"","_seopress_robots_index":"","footnotes":""},"class_list":["post-180","page","type-page","status-publish","hentry"],"_links":{"self":[{"href":"https:\/\/refugeesponsorship.org\/fr\/wp-json\/wp\/v2\/pages\/180","targetHints":{"allow":["GET"]}}],"collection":[{"href":"https:\/\/refugeesponsorship.org\/fr\/wp-json\/wp\/v2\/pages"}],"about":[{"href":"https:\/\/refugeesponsorship.org\/fr\/wp-json\/wp\/v2\/types\/page"}],"author":[{"embeddable":true,"href":"https:\/\/refugeesponsorship.org\/fr\/wp-json\/wp\/v2\/users\/1"}],"replies":[{"embeddable":true,"href":"https:\/\/refugeesponsorship.org\/fr\/wp-json\/wp\/v2\/comments?post=180"}],"version-history":[{"count":5,"href":"https:\/\/refugeesponsorship.org\/fr\/wp-json\/wp\/v2\/pages\/180\/revisions"}],"predecessor-version":[{"id":1688,"href":"https:\/\/refugeesponsorship.org\/fr\/wp-json\/wp\/v2\/pages\/180\/revisions\/1688"}],"up":[{"embeddable":true,"href":"https:\/\/refugeesponsorship.org\/fr\/wp-json\/wp\/v2\/pages\/79"}],"wp:attachment":[{"href":"https:\/\/refugeesponsorship.org\/fr\/wp-json\/wp\/v2\/media?parent=180"}],"curies":[{"name":"wp","href":"https:\/\/api.w.org\/{rel}","templated":true}]}}