{"id":170,"date":"2022-03-07T09:47:16","date_gmt":"2022-03-07T14:47:16","guid":{"rendered":"https:\/\/refugeesponsorship.org\/?page_id=170"},"modified":"2023-05-22T08:15:17","modified_gmt":"2023-05-22T12:15:17","slug":"comment-limpr-appuie-le-parrainage-communautaire","status":"publish","type":"page","link":"https:\/\/refugeesponsorship.org\/fr\/about-the-global-refugee-sponsorship-initiative\/how-the-grsi-supports-community-based-sponsorship-of-refugees\/","title":{"rendered":"Comment l'IMPR soutient le parrainage communautaire des r\u00e9fugi\u00e9s"},"content":{"rendered":"<p>\u00c0 titre de partenariat multipartite international, l\u2019IMPR vise \u00e0 soutenir le parrainage communautaire en mobilisant des acteurs cl\u00e9s \u00e0 l\u2019\u00e9chelle locale, r\u00e9gionale, nationale et internationale par le truchement d\u2019activit\u00e9s dans les secteurs cl\u00e9s suivants :<\/p>\n\n\n\n<h4 class=\"wp-block-heading\">Soutien strat\u00e9gique et aide technique<\/h4>\n\n\n\n<p>L\u2019IMPR offre aux dirigeants de la soci\u00e9t\u00e9 civile et du secteur public des conseils strat\u00e9giques et techniques en mati\u00e8re de conception, de d\u00e9veloppement et de r\u00e9solution de probl\u00e8mes \u00e0 l\u2019appui de leurs programmes de parrainage communautaire. Elle contribue \u00e0 la mobilisation des connaissances en consultant des experts reconnusde divers pays, qui proviennent notamment du gouvernement et de la soci\u00e9t\u00e9 civile. L\u2019IMPR compte \u00e9galement sur la collaboration de ses partenaires organisationnels afin de r\u00e9pondre aux demandes de soutien et d\u2019offrir son aide de fa\u00e7on proactive.<\/p>\n\n\n\n<h4 class=\"wp-block-heading\">Formation de r\u00e9seaux<\/h4>\n\n\n\n<p>L\u2019IMPR appuie la cr\u00e9ation d\u2019une collectivit\u00e9 mondiale de parrainage communautaire qui rassemble des gouvernements, des administrations locales, des organisations de la soci\u00e9t\u00e9 civile et des groupes communautaires. Par le biais de celle-ci, nous voulons cr\u00e9er des espaces o\u00f9 les intervenants peuvent \u00e9changer des connaissances, d\u00e9velopper leurs r\u00e9seaux et forger des partenariats. \u00c0 cette fin, l\u2019IMPR forme des groupes sp\u00e9cialis\u00e9s pour la soci\u00e9t\u00e9 civile, organise des activit\u00e9s et aide \u00e0 coordonner le r\u00e9seau des \u00c9tats qu\u2019elle a mis en place aux fins du parrainage communautaire.<\/p>\n\n\n\n<h4 class=\"wp-block-heading\">Mise en commun de l\u2019exp\u00e9rience et de l\u2019information<\/h4>\n\n\n\n<p>Les mod\u00e8les de parrainage communautaire sont diversifi\u00e9s et adapt\u00e9s au contexte unique des r\u00e9gions ou des pays. Misant sur l\u2019\u00e9largissement des programmes et une expertise grandissante, l\u2019IMPR s\u2019emploie \u00e0 aider les pays \u00e0 mettre leurs exp\u00e9riences en commun en encourageant les \u00e9changes de connaissances et le soutien bilat\u00e9ral, ainsi que par la mise au point de ressources publiques.<\/p>\n\n\n\n<h4 class=\"wp-block-heading\">Promotion du parrainage communautaire<\/h4>\n\n\n\n<p>Le parrainage communautaire est un mod\u00e8le de collaboration par lequel plusieurs acteurs contribuent au d\u00e9veloppement et au soutien du programme. Consciente de l\u2019apport essentiel de ces acteurs, l\u2019IMPR les appuie dans leur int\u00e9r\u00eat \u00e0 promouvoir le parrainage communautaire en mobilisant des intervenants qui repr\u00e9sentent notamment la soci\u00e9t\u00e9 civile, le gouvernement et les communaut\u00e9s. L\u2019IMPR a recours \u00e0 diff\u00e9rents moyens \u00e0 cette fin, notamment rendre sa plateforme mondiale disponible afin de mettre en valeur les histoires et les aspirations, lancer des invitations \u00e0 des ateliers, \u00e0 des activit\u00e9s ou \u00e0 des r\u00e9unions portant sur le sujet et pr\u00e9senter des exp\u00e9riences v\u00e9cues dans ses produits de communication.<\/p>","protected":false},"excerpt":{"rendered":"<p>As an international, multistakeholder partnership, the GRSI aims to support community sponsorship by engaging key actors at the local, regional, national, and global level through the following key activity areas: Policy support &amp; technical assistance The GRSI provides technical and strategic guidance to civil society and government authorities in designing, scaling and problem-solving in their [&hellip;]<\/p>\n","protected":false},"author":1,"featured_media":0,"parent":79,"menu_order":2,"comment_status":"closed","ping_status":"closed","template":"","meta":{"_seopress_robots_primary_cat":"","_seopress_titles_title":"","_seopress_titles_desc":"","_seopress_robots_index":"","footnotes":""},"class_list":["post-170","page","type-page","status-publish","hentry"],"_links":{"self":[{"href":"https:\/\/refugeesponsorship.org\/fr\/wp-json\/wp\/v2\/pages\/170","targetHints":{"allow":["GET"]}}],"collection":[{"href":"https:\/\/refugeesponsorship.org\/fr\/wp-json\/wp\/v2\/pages"}],"about":[{"href":"https:\/\/refugeesponsorship.org\/fr\/wp-json\/wp\/v2\/types\/page"}],"author":[{"embeddable":true,"href":"https:\/\/refugeesponsorship.org\/fr\/wp-json\/wp\/v2\/users\/1"}],"replies":[{"embeddable":true,"href":"https:\/\/refugeesponsorship.org\/fr\/wp-json\/wp\/v2\/comments?post=170"}],"version-history":[{"count":5,"href":"https:\/\/refugeesponsorship.org\/fr\/wp-json\/wp\/v2\/pages\/170\/revisions"}],"predecessor-version":[{"id":1459,"href":"https:\/\/refugeesponsorship.org\/fr\/wp-json\/wp\/v2\/pages\/170\/revisions\/1459"}],"up":[{"embeddable":true,"href":"https:\/\/refugeesponsorship.org\/fr\/wp-json\/wp\/v2\/pages\/79"}],"wp:attachment":[{"href":"https:\/\/refugeesponsorship.org\/fr\/wp-json\/wp\/v2\/media?parent=170"}],"curies":[{"name":"wp","href":"https:\/\/api.w.org\/{rel}","templated":true}]}}